{"id":2960,"date":"2023-05-15T15:54:07","date_gmt":"2023-05-15T13:54:07","guid":{"rendered":"https:\/\/karateclubchillymazarin.fr\/?page_id=2960"},"modified":"2025-07-26T14:04:17","modified_gmt":"2025-07-26T12:04:17","slug":"inscription-karate-chilly","status":"publish","type":"page","link":"https:\/\/karateclubchillymazarin.fr\/index.php\/inscription-karate-chilly\/","title":{"rendered":"Inscription"},"content":{"rendered":"<div class=\"wpb-content-wrapper\"><p>[vc_row][vc_column]<div id=\"sc_title_1628143714\"\n\t\tclass=\"sc_title sc_title_default\"><h3 class=\"sc_item_title sc_title_title sc_align_default sc_item_title_style_default\">Inscriptions<\/h3><\/div><!-- \/.sc_title -->[\/vc_column][\/vc_row][vc_row][vc_column][vc_column_text]<\/p>\n<h4><strong>Karat\u00e9 Traditionnel<\/strong><\/h4>\n<p>Pour vous inscrire au club de karat\u00e9 traditionnel, t\u00e9l\u00e9chargez les documents suivants :<\/p>\n<ul>\n<li style=\"list-style-type: none;\">\n<ul>\n<li style=\"list-style-type: none;\">\n<ul>\n<li><a href=\"https:\/\/karateclubchillymazarin.fr\/wp-content\/uploads\/2025\/07\/Fiche-inscription-Karate-2025.pdf\" target=\"_blank\" rel=\"noopener\">Fiche inscription Karate 2025<\/a><\/li>\n<li><a href=\"https:\/\/karateclubchillymazarin.fr\/wp-content\/uploads\/2025\/07\/Annexe-N\u00b03-QUESTIONNAIRE-A-DESTINATION-DES-LICENCIES-MAJEURS_vf.pdf\" target=\"_blank\" rel=\"noopener\">Questionnaire\u00a0 &#8211; licenci\u00e9 majeur<\/a><\/li>\n<li><a href=\"https:\/\/karateclubchillymazarin.fr\/wp-content\/uploads\/2025\/07\/Annexe-N\u00b04-ATTESTATION-SUR-LHONNEUR-SPORTIF-MAJEUR_vf.pdf\" target=\"_blank\" rel=\"noopener\">Attestation sur l&rsquo;honneur &#8211; licenci\u00e9 majeur<\/a><\/li>\n<li><a href=\"https:\/\/karateclubchillymazarin.fr\/wp-content\/uploads\/2025\/07\/ATTESTATION-SUR-LHONNEUR-SPORTIF-MINEUR_ANNEXE2_2023_2024_M_2.pdf\" target=\"_blank\" rel=\"noopener\">Questionnaire &#8211; licenci\u00e9 mineur<\/a><\/li>\n<li><a href=\"https:\/\/karateclubchillymazarin.fr\/wp-content\/uploads\/2025\/07\/ATTESTATION-SUR-LHONNEUR-SPORTIF-MINEUR_ANNEXE2_2023_2024_M_2.pdf\" target=\"_blank\" rel=\"noopener\">Attestion sur l&rsquo;honneur &#8211; licenci\u00e9 mineur<\/a><\/li>\n<li><a href=\"https:\/\/karateclubchillymazarin.fr\/wp-content\/uploads\/2025\/07\/Demande-de-licence.pdf\" target=\"_blank\" rel=\"noopener\">Demande de licence<\/a><\/li>\n<\/ul>\n<\/li>\n<\/ul>\n<\/li>\n<\/ul>\n<h5>Tarifs<\/h5>\n<ul>\n<li>Licence Baby : <b>125 \u20ac\/an<\/b><\/li>\n<li>Licence Enfant : <b>165 \u20ac\/an<\/b><\/li>\n<li>Licence Ado: <b>165 \u20ac\/an<\/b><\/li>\n<li>Licence Adulte: <b>185 \u20ac\/an<\/b><\/li>\n<\/ul>\n<p>[\/vc_column_text][\/vc_column][\/vc_row][vc_row][vc_column][vc_column_text]<\/p>\n<h4><strong>BODY Karat\u00e9<\/strong><\/h4>\n<p>Pour vous inscrire au body karat\u00e9, t\u00e9l\u00e9chargez les documents suivant :<\/p>\n<ul>\n<li style=\"list-style-type: none;\">\n<ul>\n<li><a href=\"https:\/\/karateclubchillymazarin.fr\/wp-content\/uploads\/2025\/07\/Fiche-inscription-BK-2025.pdf\" target=\"_blank\" rel=\"noopener\">Fiche inscription BK 2025<\/a><\/li>\n<li><a href=\"https:\/\/karateclubchillymazarin.fr\/wp-content\/uploads\/2025\/07\/Annexe-N\u00b03-QUESTIONNAIRE-A-DESTINATION-DES-LICENCIES-MAJEURS_vf.pdf\" target=\"_blank\" rel=\"noopener\">Questionnaire\u00a0 &#8211; licenci\u00e9 majeur<\/a><\/li>\n<li><a href=\"https:\/\/karateclubchillymazarin.fr\/wp-content\/uploads\/2025\/07\/Annexe-N\u00b04-ATTESTATION-SUR-LHONNEUR-SPORTIF-MAJEUR_vf.pdf\" target=\"_blank\" rel=\"noopener\">Attestation sur l&rsquo;honneur &#8211; licenci\u00e9 majeur<\/a><\/li>\n<\/ul>\n<\/li>\n<\/ul>\n<h5>Tarifs<\/h5>\n<ul>\n<li>Licence Body: <b>185 \u20ac\/an<\/b><\/li>\n<\/ul>\n<p>[\/vc_column_text][\/vc_column][\/vc_row][vc_row][vc_column][vc_column_text]<\/p>\n<h4><strong>SELF DEFENSE<\/strong><\/h4>\n<p>Pour vous inscrire au cour de self d\u00e9fense, t\u00e9l\u00e9chargez les documents suivant :<\/p>\n<ul>\n<li style=\"list-style-type: none;\">\n<ul>\n<li><a href=\"https:\/\/karateclubchillymazarin.fr\/wp-content\/uploads\/2025\/07\/Fiche-inscription-Karate-2025.pdf\" target=\"_blank\" rel=\"noopener\">Fiche inscription Karate 2025<\/a><\/li>\n<li><a href=\"https:\/\/karateclubchillymazarin.fr\/wp-content\/uploads\/2025\/07\/Annexe-N\u00b03-QUESTIONNAIRE-A-DESTINATION-DES-LICENCIES-MAJEURS_vf.pdf\" target=\"_blank\" rel=\"noopener\">Questionnaire\u00a0 &#8211; licenci\u00e9 majeur<\/a><\/li>\n<li><a href=\"https:\/\/karateclubchillymazarin.fr\/wp-content\/uploads\/2025\/07\/Annexe-N\u00b04-ATTESTATION-SUR-LHONNEUR-SPORTIF-MAJEUR_vf.pdf\" target=\"_blank\" rel=\"noopener\">Attestation sur l&rsquo;honneur &#8211; licenci\u00e9 majeur<\/a><\/li>\n<\/ul>\n<\/li>\n<\/ul>\n<h5>Tarifs<\/h5>\n<ul>\n<li>Licence Self: <b>135 \u20ac\/an<\/b><\/li>\n<\/ul>\n<p>[\/vc_column_text][\/vc_column][\/vc_row]<\/p>\n<p><b>Une licence de karat\u00e9 adulte permet de participer \u00e0 toutes les activit\u00e9s du club (body, self, etc&#8230;)<\/b><\/p>\n<\/div>","protected":false},"excerpt":{"rendered":"<p>[vc_row][vc_column][\/vc_column][\/vc_row][vc_row][vc_column][vc_column_text] Karat\u00e9 Traditionnel Pour vous inscrire au club de karat\u00e9 traditionnel, t\u00e9l\u00e9chargez les documents suivants : Fiche inscription Karate 2025 Questionnaire\u00a0 &#8211; licenci\u00e9 majeur Attestation sur l&rsquo;honneur &#8211; licenci\u00e9 majeur Questionnaire &#8211; licenci\u00e9 mineur Attestion sur l&rsquo;honneur &#8211; licenci\u00e9 mineur Demande de licence Tarifs Licence Baby : 125 \u20ac\/an Licence Enfant : 165 \u20ac\/an Licence Ado: 165 \u20ac\/an Licence Adulte:&hellip;<\/p>\n","protected":false},"author":1,"featured_media":0,"parent":0,"menu_order":0,"comment_status":"closed","ping_status":"closed","template":"","meta":{"footnotes":""},"class_list":["post-2960","page","type-page","status-publish","hentry"],"yoast_head":"<!-- This site is optimized with the Yoast SEO plugin v25.5 - https:\/\/yoast.com\/wordpress\/plugins\/seo\/ -->\n<title>Inscription - KCCM - Karat\u00e9 club Chilly-Mazarin<\/title>\n<meta name=\"description\" content=\"Inscription au club de karat\u00e9 de la ville de chilly-mazarin, t\u00e9l\u00e9chargez les documents ou prennez contact avec nous.\" \/>\n<meta name=\"robots\" content=\"index, follow, max-snippet:-1, max-image-preview:large, max-video-preview:-1\" \/>\n<link rel=\"canonical\" href=\"https:\/\/karateclubchillymazarin.fr\/index.php\/inscription-karate-chilly\/\" \/>\n<meta property=\"og:locale\" content=\"fr_FR\" \/>\n<meta property=\"og:type\" content=\"article\" \/>\n<meta property=\"og:title\" content=\"Inscription - KCCM - Karat\u00e9 club Chilly-Mazarin\" \/>\n<meta property=\"og:description\" content=\"Inscription au club de karat\u00e9 de la ville de chilly-mazarin, t\u00e9l\u00e9chargez les documents ou prennez contact avec nous.\" \/>\n<meta property=\"og:url\" content=\"https:\/\/karateclubchillymazarin.fr\/index.php\/inscription-karate-chilly\/\" \/>\n<meta property=\"og:site_name\" content=\"KCCM - Karat\u00e9 club Chilly-Mazarin\" \/>\n<meta property=\"article:publisher\" content=\"https:\/\/www.facebook.com\/pauline.chilly\" \/>\n<meta property=\"article:modified_time\" content=\"2025-07-26T12:04:17+00:00\" \/>\n<meta name=\"twitter:card\" content=\"summary_large_image\" \/>\n<meta name=\"twitter:label1\" content=\"Dur\u00e9e de lecture estim\u00e9e\" \/>\n\t<meta name=\"twitter:data1\" content=\"1 minute\" \/>\n<script type=\"application\/ld+json\" class=\"yoast-schema-graph\">{\"@context\":\"https:\/\/schema.org\",\"@graph\":[{\"@type\":\"WebPage\",\"@id\":\"https:\/\/karateclubchillymazarin.fr\/index.php\/inscription-karate-chilly\/\",\"url\":\"https:\/\/karateclubchillymazarin.fr\/index.php\/inscription-karate-chilly\/\",\"name\":\"Inscription - KCCM - Karat\u00e9 club Chilly-Mazarin\",\"isPartOf\":{\"@id\":\"https:\/\/karateclubchillymazarin.fr\/#website\"},\"datePublished\":\"2023-05-15T13:54:07+00:00\",\"dateModified\":\"2025-07-26T12:04:17+00:00\",\"description\":\"Inscription au club de karat\u00e9 de la ville de chilly-mazarin, t\u00e9l\u00e9chargez les documents ou prennez contact avec nous.\",\"breadcrumb\":{\"@id\":\"https:\/\/karateclubchillymazarin.fr\/index.php\/inscription-karate-chilly\/#breadcrumb\"},\"inLanguage\":\"fr-FR\",\"potentialAction\":[{\"@type\":\"ReadAction\",\"target\":[\"https:\/\/karateclubchillymazarin.fr\/index.php\/inscription-karate-chilly\/\"]}]},{\"@type\":\"BreadcrumbList\",\"@id\":\"https:\/\/karateclubchillymazarin.fr\/index.php\/inscription-karate-chilly\/#breadcrumb\",\"itemListElement\":[{\"@type\":\"ListItem\",\"position\":1,\"name\":\"Accueil\",\"item\":\"https:\/\/karateclubchillymazarin.fr\/\"},{\"@type\":\"ListItem\",\"position\":2,\"name\":\"Inscription\"}]},{\"@type\":\"WebSite\",\"@id\":\"https:\/\/karateclubchillymazarin.fr\/#website\",\"url\":\"https:\/\/karateclubchillymazarin.fr\/\",\"name\":\"KCCM - Karat\u00e9 club Chilly-Mazarin\",\"description\":\"Club de karat\u00e9 de Chilly-Mazarin\",\"publisher\":{\"@id\":\"https:\/\/karateclubchillymazarin.fr\/#organization\"},\"potentialAction\":[{\"@type\":\"SearchAction\",\"target\":{\"@type\":\"EntryPoint\",\"urlTemplate\":\"https:\/\/karateclubchillymazarin.fr\/?s={search_term_string}\"},\"query-input\":{\"@type\":\"PropertyValueSpecification\",\"valueRequired\":true,\"valueName\":\"search_term_string\"}}],\"inLanguage\":\"fr-FR\"},{\"@type\":\"Organization\",\"@id\":\"https:\/\/karateclubchillymazarin.fr\/#organization\",\"name\":\"KARATE club Chilly-Mazarin\",\"url\":\"https:\/\/karateclubchillymazarin.fr\/\",\"logo\":{\"@type\":\"ImageObject\",\"inLanguage\":\"fr-FR\",\"@id\":\"https:\/\/karateclubchillymazarin.fr\/#\/schema\/logo\/image\/\",\"url\":\"https:\/\/karateclubchillymazarin.fr\/wp-content\/uploads\/2023\/05\/Logo-Kareate.png\",\"contentUrl\":\"https:\/\/karateclubchillymazarin.fr\/wp-content\/uploads\/2023\/05\/Logo-Kareate.png\",\"width\":593,\"height\":574,\"caption\":\"KARATE club Chilly-Mazarin\"},\"image\":{\"@id\":\"https:\/\/karateclubchillymazarin.fr\/#\/schema\/logo\/image\/\"},\"sameAs\":[\"https:\/\/www.facebook.com\/pauline.chilly\"]}]}<\/script>\n<!-- \/ Yoast SEO plugin. -->","yoast_head_json":{"title":"Inscription - KCCM - Karat\u00e9 club Chilly-Mazarin","description":"Inscription au club de karat\u00e9 de la ville de chilly-mazarin, t\u00e9l\u00e9chargez les documents ou prennez contact avec nous.","robots":{"index":"index","follow":"follow","max-snippet":"max-snippet:-1","max-image-preview":"max-image-preview:large","max-video-preview":"max-video-preview:-1"},"canonical":"https:\/\/karateclubchillymazarin.fr\/index.php\/inscription-karate-chilly\/","og_locale":"fr_FR","og_type":"article","og_title":"Inscription - KCCM - Karat\u00e9 club Chilly-Mazarin","og_description":"Inscription au club de karat\u00e9 de la ville de chilly-mazarin, t\u00e9l\u00e9chargez les documents ou prennez contact avec nous.","og_url":"https:\/\/karateclubchillymazarin.fr\/index.php\/inscription-karate-chilly\/","og_site_name":"KCCM - Karat\u00e9 club Chilly-Mazarin","article_publisher":"https:\/\/www.facebook.com\/pauline.chilly","article_modified_time":"2025-07-26T12:04:17+00:00","twitter_card":"summary_large_image","twitter_misc":{"Dur\u00e9e de lecture estim\u00e9e":"1 minute"},"schema":{"@context":"https:\/\/schema.org","@graph":[{"@type":"WebPage","@id":"https:\/\/karateclubchillymazarin.fr\/index.php\/inscription-karate-chilly\/","url":"https:\/\/karateclubchillymazarin.fr\/index.php\/inscription-karate-chilly\/","name":"Inscription - KCCM - Karat\u00e9 club Chilly-Mazarin","isPartOf":{"@id":"https:\/\/karateclubchillymazarin.fr\/#website"},"datePublished":"2023-05-15T13:54:07+00:00","dateModified":"2025-07-26T12:04:17+00:00","description":"Inscription au club de karat\u00e9 de la ville de chilly-mazarin, t\u00e9l\u00e9chargez les documents ou prennez contact avec nous.","breadcrumb":{"@id":"https:\/\/karateclubchillymazarin.fr\/index.php\/inscription-karate-chilly\/#breadcrumb"},"inLanguage":"fr-FR","potentialAction":[{"@type":"ReadAction","target":["https:\/\/karateclubchillymazarin.fr\/index.php\/inscription-karate-chilly\/"]}]},{"@type":"BreadcrumbList","@id":"https:\/\/karateclubchillymazarin.fr\/index.php\/inscription-karate-chilly\/#breadcrumb","itemListElement":[{"@type":"ListItem","position":1,"name":"Accueil","item":"https:\/\/karateclubchillymazarin.fr\/"},{"@type":"ListItem","position":2,"name":"Inscription"}]},{"@type":"WebSite","@id":"https:\/\/karateclubchillymazarin.fr\/#website","url":"https:\/\/karateclubchillymazarin.fr\/","name":"KCCM - Karat\u00e9 club Chilly-Mazarin","description":"Club de karat\u00e9 de Chilly-Mazarin","publisher":{"@id":"https:\/\/karateclubchillymazarin.fr\/#organization"},"potentialAction":[{"@type":"SearchAction","target":{"@type":"EntryPoint","urlTemplate":"https:\/\/karateclubchillymazarin.fr\/?s={search_term_string}"},"query-input":{"@type":"PropertyValueSpecification","valueRequired":true,"valueName":"search_term_string"}}],"inLanguage":"fr-FR"},{"@type":"Organization","@id":"https:\/\/karateclubchillymazarin.fr\/#organization","name":"KARATE club Chilly-Mazarin","url":"https:\/\/karateclubchillymazarin.fr\/","logo":{"@type":"ImageObject","inLanguage":"fr-FR","@id":"https:\/\/karateclubchillymazarin.fr\/#\/schema\/logo\/image\/","url":"https:\/\/karateclubchillymazarin.fr\/wp-content\/uploads\/2023\/05\/Logo-Kareate.png","contentUrl":"https:\/\/karateclubchillymazarin.fr\/wp-content\/uploads\/2023\/05\/Logo-Kareate.png","width":593,"height":574,"caption":"KARATE club Chilly-Mazarin"},"image":{"@id":"https:\/\/karateclubchillymazarin.fr\/#\/schema\/logo\/image\/"},"sameAs":["https:\/\/www.facebook.com\/pauline.chilly"]}]}},"_links":{"self":[{"href":"https:\/\/karateclubchillymazarin.fr\/index.php\/wp-json\/wp\/v2\/pages\/2960","targetHints":{"allow":["GET"]}}],"collection":[{"href":"https:\/\/karateclubchillymazarin.fr\/index.php\/wp-json\/wp\/v2\/pages"}],"about":[{"href":"https:\/\/karateclubchillymazarin.fr\/index.php\/wp-json\/wp\/v2\/types\/page"}],"author":[{"embeddable":true,"href":"https:\/\/karateclubchillymazarin.fr\/index.php\/wp-json\/wp\/v2\/users\/1"}],"replies":[{"embeddable":true,"href":"https:\/\/karateclubchillymazarin.fr\/index.php\/wp-json\/wp\/v2\/comments?post=2960"}],"version-history":[{"count":10,"href":"https:\/\/karateclubchillymazarin.fr\/index.php\/wp-json\/wp\/v2\/pages\/2960\/revisions"}],"predecessor-version":[{"id":3207,"href":"https:\/\/karateclubchillymazarin.fr\/index.php\/wp-json\/wp\/v2\/pages\/2960\/revisions\/3207"}],"wp:attachment":[{"href":"https:\/\/karateclubchillymazarin.fr\/index.php\/wp-json\/wp\/v2\/media?parent=2960"}],"curies":[{"name":"wp","href":"https:\/\/api.w.org\/{rel}","templated":true}]}}